 {"id":15,"date":"2018-06-13T15:29:21","date_gmt":"2018-06-13T15:29:21","guid":{"rendered":"https:\/\/ultherapy.com\/?page_id=15"},"modified":"2022-09-27T21:10:39","modified_gmt":"2022-09-28T00:10:39","slug":"encontre-um-fornecedor","status":"publish","type":"page","link":"https:\/\/ultherapy.com\/br\/encontre-um-fornecedor\/","title":{"rendered":"Encontre um Fornecedor"},"content":{"rendered":"","protected":false},"excerpt":{"rendered":"","protected":false},"author":11,"featured_media":0,"parent":0,"menu_order":0,"comment_status":"closed","ping_status":"closed","template":"page-find-a-provider.php","meta":{"_acf_changed":false,"footnotes":""},"class_list":["post-15","page","type-page","status-publish","hentry"],"acf":[],"yoast_head":"<!-- This site is optimized with the Yoast SEO plugin v26.4 - https:\/\/yoast.com\/wordpress\/plugins\/seo\/ -->\n<title>Encontre o Aut\u00eantico Ulthera | Ultherapy<\/title>\n<meta name=\"description\" content=\"Com nossa ferramenta de busca de profissionais, \u00e9 f\u00e1cil encontrar um o Aut\u00eantico Ulthera. Clique aqui para iniciar sua pesquisa!\" \/>\n<meta name=\"robots\" content=\"index, follow, max-snippet:-1, max-image-preview:large, max-video-preview:-1\" \/>\n<meta property=\"og:locale\" content=\"pt_BR\" \/>\n<meta property=\"og:type\" content=\"article\" \/>\n<meta property=\"og:title\" content=\"Encontre o Aut\u00eantico Ulthera | Ultherapy\" \/>\n<meta property=\"og:description\" content=\"Com nossa ferramenta de busca de profissionais, \u00e9 f\u00e1cil encontrar um o Aut\u00eantico Ulthera. Clique aqui para iniciar sua pesquisa!\" \/>\n<meta property=\"og:url\" content=\"https:\/\/ultherapy.com\/br\/encontre-um-fornecedor\/\" \/>\n<meta property=\"og:site_name\" content=\"Ultherapy\" \/>\n<meta property=\"article:modified_time\" content=\"2022-09-28T00:10:39+00:00\" \/>\n<meta property=\"og:image\" content=\"http:\/\/ultherapy.com\/br\/wp-content\/uploads\/2020\/02\/ULT_MetadataCard_2.1_FindAProvider.png\" \/>\n\t<meta property=\"og:image:width\" content=\"1200\" \/>\n\t<meta property=\"og:image:height\" content=\"630\" \/>\n\t<meta property=\"og:image:type\" content=\"image\/png\" \/>\n<meta name=\"twitter:card\" content=\"summary_large_image\" \/>\n<script type=\"application\/ld+json\" class=\"yoast-schema-graph\">{\"@context\":\"https:\/\/schema.org\",\"@graph\":[{\"@type\":\"WebPage\",\"@id\":\"https:\/\/ultherapy.com\/br\/encontre-um-fornecedor\/\",\"url\":\"https:\/\/ultherapy.com\/br\/encontre-um-fornecedor\/\",\"name\":\"Encontre o Aut\u00eantico Ulthera | Ultherapy\",\"isPartOf\":{\"@id\":\"https:\/\/ultherapy.com\/br\/#website\"},\"datePublished\":\"2018-06-13T15:29:21+00:00\",\"dateModified\":\"2022-09-28T00:10:39+00:00\",\"description\":\"Com nossa ferramenta de busca de profissionais, \u00e9 f\u00e1cil encontrar um o Aut\u00eantico Ulthera. Clique aqui para iniciar sua pesquisa!\",\"inLanguage\":\"pt-BR\",\"potentialAction\":[{\"@type\":\"ReadAction\",\"target\":[\"https:\/\/ultherapy.com\/br\/encontre-um-fornecedor\/\"]}]},{\"@type\":\"WebSite\",\"@id\":\"https:\/\/ultherapy.com\/br\/#website\",\"url\":\"https:\/\/ultherapy.com\/br\/\",\"name\":\"Ultherapy\",\"description\":\"\",\"potentialAction\":[{\"@type\":\"SearchAction\",\"target\":{\"@type\":\"EntryPoint\",\"urlTemplate\":\"https:\/\/ultherapy.com\/br\/?s={search_term_string}\"},\"query-input\":{\"@type\":\"PropertyValueSpecification\",\"valueRequired\":true,\"valueName\":\"search_term_string\"}}],\"inLanguage\":\"pt-BR\"}]}<\/script>\n<!-- \/ Yoast SEO plugin. -->","yoast_head_json":{"title":"Encontre o Aut\u00eantico Ulthera | Ultherapy","description":"Com nossa ferramenta de busca de profissionais, \u00e9 f\u00e1cil encontrar um o Aut\u00eantico Ulthera. Clique aqui para iniciar sua pesquisa!","robots":{"index":"index","follow":"follow","max-snippet":"max-snippet:-1","max-image-preview":"max-image-preview:large","max-video-preview":"max-video-preview:-1"},"og_locale":"pt_BR","og_type":"article","og_title":"Encontre o Aut\u00eantico Ulthera | Ultherapy","og_description":"Com nossa ferramenta de busca de profissionais, \u00e9 f\u00e1cil encontrar um o Aut\u00eantico Ulthera. Clique aqui para iniciar sua pesquisa!","og_url":"https:\/\/ultherapy.com\/br\/encontre-um-fornecedor\/","og_site_name":"Ultherapy","article_modified_time":"2022-09-28T00:10:39+00:00","og_image":[{"width":1200,"height":630,"url":"http:\/\/ultherapy.com\/br\/wp-content\/uploads\/2020\/02\/ULT_MetadataCard_2.1_FindAProvider.png","type":"image\/png"}],"twitter_card":"summary_large_image","schema":{"@context":"https:\/\/schema.org","@graph":[{"@type":"WebPage","@id":"https:\/\/ultherapy.com\/br\/encontre-um-fornecedor\/","url":"https:\/\/ultherapy.com\/br\/encontre-um-fornecedor\/","name":"Encontre o Aut\u00eantico Ulthera | Ultherapy","isPartOf":{"@id":"https:\/\/ultherapy.com\/br\/#website"},"datePublished":"2018-06-13T15:29:21+00:00","dateModified":"2022-09-28T00:10:39+00:00","description":"Com nossa ferramenta de busca de profissionais, \u00e9 f\u00e1cil encontrar um o Aut\u00eantico Ulthera. Clique aqui para iniciar sua pesquisa!","inLanguage":"pt-BR","potentialAction":[{"@type":"ReadAction","target":["https:\/\/ultherapy.com\/br\/encontre-um-fornecedor\/"]}]},{"@type":"WebSite","@id":"https:\/\/ultherapy.com\/br\/#website","url":"https:\/\/ultherapy.com\/br\/","name":"Ultherapy","description":"","potentialAction":[{"@type":"SearchAction","target":{"@type":"EntryPoint","urlTemplate":"https:\/\/ultherapy.com\/br\/?s={search_term_string}"},"query-input":{"@type":"PropertyValueSpecification","valueRequired":true,"valueName":"search_term_string"}}],"inLanguage":"pt-BR"}]}},"_links":{"self":[{"href":"https:\/\/ultherapy.com\/br\/wp-json\/wp\/v2\/pages\/15","targetHints":{"allow":["GET"]}}],"collection":[{"href":"https:\/\/ultherapy.com\/br\/wp-json\/wp\/v2\/pages"}],"about":[{"href":"https:\/\/ultherapy.com\/br\/wp-json\/wp\/v2\/types\/page"}],"author":[{"embeddable":true,"href":"https:\/\/ultherapy.com\/br\/wp-json\/wp\/v2\/users\/11"}],"replies":[{"embeddable":true,"href":"https:\/\/ultherapy.com\/br\/wp-json\/wp\/v2\/comments?post=15"}],"version-history":[{"count":17,"href":"https:\/\/ultherapy.com\/br\/wp-json\/wp\/v2\/pages\/15\/revisions"}],"predecessor-version":[{"id":2262,"href":"https:\/\/ultherapy.com\/br\/wp-json\/wp\/v2\/pages\/15\/revisions\/2262"}],"wp:attachment":[{"href":"https:\/\/ultherapy.com\/br\/wp-json\/wp\/v2\/media?parent=15"}],"curies":[{"name":"wp","href":"https:\/\/api.w.org\/{rel}","templated":true}]}}