 {"id":1617,"date":"2020-02-28T12:55:44","date_gmt":"2020-02-28T12:55:44","guid":{"rendered":"http:\/\/ultherapy.com\/?page_id=1617"},"modified":"2023-08-09T04:47:34","modified_gmt":"2023-08-09T07:47:34","slug":"mencoes-na-midia","status":"publish","type":"page","link":"https:\/\/ultherapy.com\/br\/mencoes-na-midia\/","title":{"rendered":"MEN\u00c7\u00d5ES NA M\u00cdDIA"},"content":{"rendered":"<a href=\"https:\/\/www.wigscheapforsale.com\/wholesale-wigs\/\"><strong>cheap lace front wigs<\/strong><\/a> <a href=\"http:\/\/123reviewed.com\/nike-air-max-terrascape-90\/\"><strong>nike air max terrascape 90 on feet<\/strong><\/a> <a href=\"https:\/\/www.gluelesswigsshop.com\/\"><strong>wigs for women<\/strong><\/a> <a href=\"https:\/\/www.customjerseysbest.com\/custom-jerseys-basketball\/\"><strong>custom jerseys<\/strong><\/a> <a href=\"https:\/\/www.nikeairjordan1sale.com\/jordan-shoes-online\/\"><strong>cheapest jordan 1<\/strong><\/a> <a href=\"https:\/\/www.iyeezyboostv2.com\/adidas-white-shoes\/\"><strong>adidas yeezy foam runner<\/strong><\/a> <a href=\"https:\/\/www.customjerseynflcheap.com\/nfl-shop-coupon-code\/\"><strong>nfl shop coupon code<\/strong><\/a> <a href=\"https:\/\/www.bestnfljerseyscustom.com\/best-nfl-jerseys\/\"><strong>custom nfl jersey<\/strong><\/a> <a href=\"http:\/\/aritransflores.com\/best-adidas-running-shoes\/\"><strong>adidas outlet online<\/strong><\/a> <a href=\"https:\/\/www.49ernfljerseys.com\/nfl-jerseys-on-sale\/\"><strong>nfl jerseys on sale<\/strong><\/a> <a href=\"https:\/\/www.jordannikeairstore.com\/\"><strong>nike air jordan red<\/strong><\/a> <a href=\"https:\/\/www.nikeairmax270sale.com\/nike-air-max-270-sale\/\"><strong>nike air max 270<\/strong><\/a> <a href=\"https:\/\/superswingsets.com\/\"><strong>adidas yeezy boost<\/strong><\/a> <a href=\"https:\/\/www.shopnflfantasy.com\/nfl-fantasy-football\/\"><strong>fantasy football trophy<\/strong><\/a> <a href=\"https:\/\/www.nflplusshop.com\/chicago-bears\/\"><strong>chicago bears<\/strong><\/a>","protected":false},"excerpt":{"rendered":"<p>cheap lace front wigs nike air max terrascape 90 on feet wigs for women custom jerseys cheapest jordan 1 adidas yeezy foam runner nfl shop coupon code custom nfl jersey adidas outlet online nfl jerseys on sale nike air jordan red nike air max 270 adidas yeezy boost fantasy football trophy chicago bears<\/p>\n","protected":false},"author":11,"featured_media":0,"parent":0,"menu_order":0,"comment_status":"closed","ping_status":"closed","template":"page-media.php","meta":{"_acf_changed":false,"footnotes":""},"class_list":["post-1617","page","type-page","status-publish","hentry"],"acf":[],"yoast_head":"<!-- This site is optimized with the Yoast SEO plugin v26.4 - https:\/\/yoast.com\/wordpress\/plugins\/seo\/ -->\n<title>Not\u00edcias &amp; M\u00eddia | Ultherapy<\/title>\n<meta name=\"description\" content=\"Confira os destaques sobre Ultherapy.Clique aqui e saiba mais!\" \/>\n<meta name=\"robots\" content=\"index, follow, max-snippet:-1, max-image-preview:large, max-video-preview:-1\" \/>\n<meta property=\"og:locale\" content=\"pt_BR\" \/>\n<meta property=\"og:type\" content=\"article\" \/>\n<meta property=\"og:title\" content=\"Not\u00edcias &amp; M\u00eddia | Ultherapy\" \/>\n<meta property=\"og:description\" content=\"Confira os destaques sobre Ultherapy.Clique aqui e saiba mais!\" \/>\n<meta property=\"og:url\" content=\"https:\/\/ultherapy.com\/br\/mencoes-na-midia\/\" \/>\n<meta property=\"og:site_name\" content=\"Ultherapy\" \/>\n<meta property=\"article:modified_time\" content=\"2023-08-09T07:47:34+00:00\" \/>\n<meta property=\"og:image\" content=\"http:\/\/ultherapy.com\/br\/wp-content\/uploads\/2020\/02\/ULT_MetadataCard_3.1_Reviews-Media.png\" \/>\n\t<meta property=\"og:image:width\" content=\"1200\" \/>\n\t<meta property=\"og:image:height\" content=\"630\" \/>\n\t<meta property=\"og:image:type\" content=\"image\/png\" \/>\n<meta name=\"twitter:card\" content=\"summary_large_image\" \/>\n<script type=\"application\/ld+json\" class=\"yoast-schema-graph\">{\"@context\":\"https:\/\/schema.org\",\"@graph\":[{\"@type\":\"WebPage\",\"@id\":\"https:\/\/ultherapy.com\/br\/mencoes-na-midia\/\",\"url\":\"https:\/\/ultherapy.com\/br\/mencoes-na-midia\/\",\"name\":\"Not\u00edcias & M\u00eddia | Ultherapy\",\"isPartOf\":{\"@id\":\"https:\/\/ultherapy.com\/br\/#website\"},\"datePublished\":\"2020-02-28T12:55:44+00:00\",\"dateModified\":\"2023-08-09T07:47:34+00:00\",\"description\":\"Confira os destaques sobre Ultherapy.Clique aqui e saiba mais!\",\"inLanguage\":\"pt-BR\",\"potentialAction\":[{\"@type\":\"ReadAction\",\"target\":[\"https:\/\/ultherapy.com\/br\/mencoes-na-midia\/\"]}]},{\"@type\":\"WebSite\",\"@id\":\"https:\/\/ultherapy.com\/br\/#website\",\"url\":\"https:\/\/ultherapy.com\/br\/\",\"name\":\"Ultherapy\",\"description\":\"\",\"potentialAction\":[{\"@type\":\"SearchAction\",\"target\":{\"@type\":\"EntryPoint\",\"urlTemplate\":\"https:\/\/ultherapy.com\/br\/?s={search_term_string}\"},\"query-input\":{\"@type\":\"PropertyValueSpecification\",\"valueRequired\":true,\"valueName\":\"search_term_string\"}}],\"inLanguage\":\"pt-BR\"}]}<\/script>\n<!-- \/ Yoast SEO plugin. -->","yoast_head_json":{"title":"Not\u00edcias & M\u00eddia | Ultherapy","description":"Confira os destaques sobre Ultherapy.Clique aqui e saiba mais!","robots":{"index":"index","follow":"follow","max-snippet":"max-snippet:-1","max-image-preview":"max-image-preview:large","max-video-preview":"max-video-preview:-1"},"og_locale":"pt_BR","og_type":"article","og_title":"Not\u00edcias & M\u00eddia | Ultherapy","og_description":"Confira os destaques sobre Ultherapy.Clique aqui e saiba mais!","og_url":"https:\/\/ultherapy.com\/br\/mencoes-na-midia\/","og_site_name":"Ultherapy","article_modified_time":"2023-08-09T07:47:34+00:00","og_image":[{"width":1200,"height":630,"url":"http:\/\/ultherapy.com\/br\/wp-content\/uploads\/2020\/02\/ULT_MetadataCard_3.1_Reviews-Media.png","type":"image\/png"}],"twitter_card":"summary_large_image","schema":{"@context":"https:\/\/schema.org","@graph":[{"@type":"WebPage","@id":"https:\/\/ultherapy.com\/br\/mencoes-na-midia\/","url":"https:\/\/ultherapy.com\/br\/mencoes-na-midia\/","name":"Not\u00edcias & M\u00eddia | Ultherapy","isPartOf":{"@id":"https:\/\/ultherapy.com\/br\/#website"},"datePublished":"2020-02-28T12:55:44+00:00","dateModified":"2023-08-09T07:47:34+00:00","description":"Confira os destaques sobre Ultherapy.Clique aqui e saiba mais!","inLanguage":"pt-BR","potentialAction":[{"@type":"ReadAction","target":["https:\/\/ultherapy.com\/br\/mencoes-na-midia\/"]}]},{"@type":"WebSite","@id":"https:\/\/ultherapy.com\/br\/#website","url":"https:\/\/ultherapy.com\/br\/","name":"Ultherapy","description":"","potentialAction":[{"@type":"SearchAction","target":{"@type":"EntryPoint","urlTemplate":"https:\/\/ultherapy.com\/br\/?s={search_term_string}"},"query-input":{"@type":"PropertyValueSpecification","valueRequired":true,"valueName":"search_term_string"}}],"inLanguage":"pt-BR"}]}},"_links":{"self":[{"href":"https:\/\/ultherapy.com\/br\/wp-json\/wp\/v2\/pages\/1617","targetHints":{"allow":["GET"]}}],"collection":[{"href":"https:\/\/ultherapy.com\/br\/wp-json\/wp\/v2\/pages"}],"about":[{"href":"https:\/\/ultherapy.com\/br\/wp-json\/wp\/v2\/types\/page"}],"author":[{"embeddable":true,"href":"https:\/\/ultherapy.com\/br\/wp-json\/wp\/v2\/users\/11"}],"replies":[{"embeddable":true,"href":"https:\/\/ultherapy.com\/br\/wp-json\/wp\/v2\/comments?post=1617"}],"version-history":[{"count":7,"href":"https:\/\/ultherapy.com\/br\/wp-json\/wp\/v2\/pages\/1617\/revisions"}],"predecessor-version":[{"id":2276,"href":"https:\/\/ultherapy.com\/br\/wp-json\/wp\/v2\/pages\/1617\/revisions\/2276"}],"wp:attachment":[{"href":"https:\/\/ultherapy.com\/br\/wp-json\/wp\/v2\/media?parent=1617"}],"curies":[{"name":"wp","href":"https:\/\/api.w.org\/{rel}","templated":true}]}}