 {"id":1626,"date":"2020-02-28T13:16:54","date_gmt":"2020-02-28T13:16:54","guid":{"rendered":"http:\/\/ultherapy.com\/?page_id=1626"},"modified":"2023-08-09T04:47:19","modified_gmt":"2023-08-09T07:47:19","slug":"depoimentos","status":"publish","type":"page","link":"https:\/\/ultherapy.com\/br\/depoimentos\/","title":{"rendered":"AVALIA\u00c7\u00d5ES REAIS DO AUT\u00caNTICO ULTHERAPY"},"content":{"rendered":"<a href=\"https:\/\/www.nikeairjordanstoresale.com\/nike-air-jordan-shoes\/\"><strong>jordan shoes on sale<\/strong><\/a> <a href=\"https:\/\/www.riverqueenartisans.com\/human-hair-wigs\/\"><strong>human hair wigs near me<\/strong><\/a> <a href=\"https:\/\/www.wigsoutletonline.com\/cheap-wigs\/\"><strong>best wigs for white women<\/strong><\/a> <a href=\"http:\/\/chefbega.com\/custom-jersey-basketball\/\"><strong>custom jersey basketball<\/strong><\/a> <a href=\"https:\/\/www.pembemavisekerler.com\/nike-air-max-sale\/\"><strong>mens nike air max 90 sale<\/strong><\/a> <a href=\"https:\/\/www.storeonlinewigs.com\/online-wig-store\/\"><strong>wig stores<\/strong><\/a> <a href=\"https:\/\/www.lesbiantoysstore.com\/mens-adult-sex-toys\/\"><strong>mens adult sex toys<\/strong><\/a> <a href=\"https:\/\/www.adidaspromocodeonline.com\/\"><strong>adidas promo code<\/strong><\/a> <a href=\"https:\/\/vvfrottweilers.com\/\"><strong>adidas yeezy foam runner onyx<\/strong><\/a> <a href=\"https:\/\/www.shopnflcheap.com\/\"><strong>buffalo bills<\/strong><\/a> <a href=\"https:\/\/www.customjerseysbest.com\/\"><strong>football jerseys<\/strong><\/a> <a href=\"https:\/\/www.nfljerseyshopcoupon.com\/nfl-team-shop\/\"><strong>nfl stores<\/strong><\/a> <a href=\"https:\/\/www.salescustomnfljerseys.com\/green-bay-packers-jersey\/\"><strong>custom team jerseys<\/strong><\/a> <a href=\"https:\/\/www.iyeezyboost350.com\/adidas-yezzy-boost\/\"><strong>adidas yeezy sneakers<\/strong><\/a> <a href=\"https:\/\/www.mensnikeairmaxoutlet.com\/womens-nike-air-max\/\"><strong>nike air max new<\/strong><\/a>","protected":false},"excerpt":{"rendered":"<p>jordan shoes on sale human hair wigs near me best wigs for white women custom jersey basketball mens nike air max 90 sale wig stores mens adult sex toys adidas promo code adidas yeezy foam runner onyx buffalo bills football jerseys nfl stores custom team jerseys adidas yeezy sneakers nike air max new<\/p>\n","protected":false},"author":11,"featured_media":0,"parent":0,"menu_order":0,"comment_status":"closed","ping_status":"closed","template":"page-reviews.php","meta":{"_acf_changed":false,"footnotes":""},"class_list":["post-1626","page","type-page","status-publish","hentry"],"acf":[],"yoast_head":"<!-- This site is optimized with the Yoast SEO plugin v26.4 - https:\/\/yoast.com\/wordpress\/plugins\/seo\/ -->\n<title>AVALIA\u00c7\u00d5ES REAIS DO AUT\u00caNTICO ULTHERAPY | Ultherapy<\/title>\n<meta name=\"robots\" content=\"index, follow, max-snippet:-1, max-image-preview:large, max-video-preview:-1\" \/>\n<meta property=\"og:locale\" content=\"pt_BR\" \/>\n<meta property=\"og:type\" content=\"article\" \/>\n<meta property=\"og:title\" content=\"AVALIA\u00c7\u00d5ES REAIS DO AUT\u00caNTICO ULTHERAPY | Ultherapy\" \/>\n<meta property=\"og:description\" content=\"jordan shoes on sale human hair wigs near me best wigs for white women custom jersey basketball mens nike air max 90 sale wig stores mens adult sex toys adidas promo code adidas yeezy foam runner onyx buffalo bills football jerseys nfl stores custom team jerseys adidas yeezy sneakers nike air max new\" \/>\n<meta property=\"og:url\" content=\"https:\/\/ultherapy.com\/br\/depoimentos\/\" \/>\n<meta property=\"og:site_name\" content=\"Ultherapy\" \/>\n<meta property=\"article:modified_time\" content=\"2023-08-09T07:47:19+00:00\" \/>\n<meta property=\"og:image\" content=\"http:\/\/ultherapy.com\/br\/wp-content\/uploads\/2020\/02\/ULT_MetadataCard_3.0_Reviews-Testimonial.png\" \/>\n\t<meta property=\"og:image:width\" content=\"1200\" \/>\n\t<meta property=\"og:image:height\" content=\"630\" \/>\n\t<meta property=\"og:image:type\" content=\"image\/png\" \/>\n<meta name=\"twitter:card\" content=\"summary_large_image\" \/>\n<script type=\"application\/ld+json\" class=\"yoast-schema-graph\">{\"@context\":\"https:\/\/schema.org\",\"@graph\":[{\"@type\":\"WebPage\",\"@id\":\"https:\/\/ultherapy.com\/br\/depoimentos\/\",\"url\":\"https:\/\/ultherapy.com\/br\/depoimentos\/\",\"name\":\"AVALIA\u00c7\u00d5ES REAIS DO AUT\u00caNTICO ULTHERAPY | Ultherapy\",\"isPartOf\":{\"@id\":\"https:\/\/ultherapy.com\/br\/#website\"},\"datePublished\":\"2020-02-28T13:16:54+00:00\",\"dateModified\":\"2023-08-09T07:47:19+00:00\",\"inLanguage\":\"pt-BR\",\"potentialAction\":[{\"@type\":\"ReadAction\",\"target\":[\"https:\/\/ultherapy.com\/br\/depoimentos\/\"]}]},{\"@type\":\"WebSite\",\"@id\":\"https:\/\/ultherapy.com\/br\/#website\",\"url\":\"https:\/\/ultherapy.com\/br\/\",\"name\":\"Ultherapy\",\"description\":\"\",\"potentialAction\":[{\"@type\":\"SearchAction\",\"target\":{\"@type\":\"EntryPoint\",\"urlTemplate\":\"https:\/\/ultherapy.com\/br\/?s={search_term_string}\"},\"query-input\":{\"@type\":\"PropertyValueSpecification\",\"valueRequired\":true,\"valueName\":\"search_term_string\"}}],\"inLanguage\":\"pt-BR\"}]}<\/script>\n<!-- \/ Yoast SEO plugin. -->","yoast_head_json":{"title":"AVALIA\u00c7\u00d5ES REAIS DO AUT\u00caNTICO ULTHERAPY | Ultherapy","robots":{"index":"index","follow":"follow","max-snippet":"max-snippet:-1","max-image-preview":"max-image-preview:large","max-video-preview":"max-video-preview:-1"},"og_locale":"pt_BR","og_type":"article","og_title":"AVALIA\u00c7\u00d5ES REAIS DO AUT\u00caNTICO ULTHERAPY | Ultherapy","og_description":"jordan shoes on sale human hair wigs near me best wigs for white women custom jersey basketball mens nike air max 90 sale wig stores mens adult sex toys adidas promo code adidas yeezy foam runner onyx buffalo bills football jerseys nfl stores custom team jerseys adidas yeezy sneakers nike air max new","og_url":"https:\/\/ultherapy.com\/br\/depoimentos\/","og_site_name":"Ultherapy","article_modified_time":"2023-08-09T07:47:19+00:00","og_image":[{"width":1200,"height":630,"url":"http:\/\/ultherapy.com\/br\/wp-content\/uploads\/2020\/02\/ULT_MetadataCard_3.0_Reviews-Testimonial.png","type":"image\/png"}],"twitter_card":"summary_large_image","schema":{"@context":"https:\/\/schema.org","@graph":[{"@type":"WebPage","@id":"https:\/\/ultherapy.com\/br\/depoimentos\/","url":"https:\/\/ultherapy.com\/br\/depoimentos\/","name":"AVALIA\u00c7\u00d5ES REAIS DO AUT\u00caNTICO ULTHERAPY | Ultherapy","isPartOf":{"@id":"https:\/\/ultherapy.com\/br\/#website"},"datePublished":"2020-02-28T13:16:54+00:00","dateModified":"2023-08-09T07:47:19+00:00","inLanguage":"pt-BR","potentialAction":[{"@type":"ReadAction","target":["https:\/\/ultherapy.com\/br\/depoimentos\/"]}]},{"@type":"WebSite","@id":"https:\/\/ultherapy.com\/br\/#website","url":"https:\/\/ultherapy.com\/br\/","name":"Ultherapy","description":"","potentialAction":[{"@type":"SearchAction","target":{"@type":"EntryPoint","urlTemplate":"https:\/\/ultherapy.com\/br\/?s={search_term_string}"},"query-input":{"@type":"PropertyValueSpecification","valueRequired":true,"valueName":"search_term_string"}}],"inLanguage":"pt-BR"}]}},"_links":{"self":[{"href":"https:\/\/ultherapy.com\/br\/wp-json\/wp\/v2\/pages\/1626","targetHints":{"allow":["GET"]}}],"collection":[{"href":"https:\/\/ultherapy.com\/br\/wp-json\/wp\/v2\/pages"}],"about":[{"href":"https:\/\/ultherapy.com\/br\/wp-json\/wp\/v2\/types\/page"}],"author":[{"embeddable":true,"href":"https:\/\/ultherapy.com\/br\/wp-json\/wp\/v2\/users\/11"}],"replies":[{"embeddable":true,"href":"https:\/\/ultherapy.com\/br\/wp-json\/wp\/v2\/comments?post=1626"}],"version-history":[{"count":6,"href":"https:\/\/ultherapy.com\/br\/wp-json\/wp\/v2\/pages\/1626\/revisions"}],"predecessor-version":[{"id":2274,"href":"https:\/\/ultherapy.com\/br\/wp-json\/wp\/v2\/pages\/1626\/revisions\/2274"}],"wp:attachment":[{"href":"https:\/\/ultherapy.com\/br\/wp-json\/wp\/v2\/media?parent=1626"}],"curies":[{"name":"wp","href":"https:\/\/api.w.org\/{rel}","templated":true}]}}