 {"id":10,"date":"2018-06-11T22:17:24","date_gmt":"2018-06-11T22:17:24","guid":{"rendered":"https:\/\/ultherapy.com\/?page_id=10"},"modified":"2021-01-22T20:27:32","modified_gmt":"2021-01-22T20:27:32","slug":"que-es-ultherapy","status":"publish","type":"page","link":"https:\/\/ultherapy.com\/co\/que-es-ultherapy\/","title":{"rendered":"Qu\u00e9 es Ultherapy\u00ae"},"content":{"rendered":"","protected":false},"excerpt":{"rendered":"","protected":false},"author":1,"featured_media":0,"parent":0,"menu_order":0,"comment_status":"closed","ping_status":"closed","template":"page-what-is-ultherapy.php","meta":{"_acf_changed":false,"footnotes":""},"class_list":["post-10","page","type-page","status-publish","hentry"],"acf":[],"yoast_head":"<!-- This site is optimized with the Yoast SEO plugin v26.4 - https:\/\/yoast.com\/wordpress\/plugins\/seo\/ -->\n<title>Procedimiento a trav\u00e9s de Ultrasonido para dar Lifting y Reafirmar la piel | Ultherapy<\/title>\n<meta name=\"description\" content=\"Ultherapy es un procedimiento aprobado por la FDA que utiliza tecnolog\u00eda de ultrasonido para estimular la producci\u00f3n natural de col\u00e1geno y elastina. \u00a1Clic aqu\u00ed para descubrir m\u00e1s sobre el procedimiento!\" \/>\n<meta name=\"robots\" content=\"index, follow, max-snippet:-1, max-image-preview:large, max-video-preview:-1\" \/>\n<link rel=\"canonical\" href=\"https:\/\/ultherapy.com\/mx\/que-es-ultherapy\/\" \/>\n<meta property=\"og:locale\" content=\"es_MX\" \/>\n<meta property=\"og:type\" content=\"article\" \/>\n<meta property=\"og:title\" content=\"Procedimiento a trav\u00e9s de Ultrasonido para dar Lifting y Reafirmar la piel | Ultherapy\" \/>\n<meta property=\"og:description\" content=\"Ultherapy es un procedimiento aprobado por la FDA que utiliza tecnolog\u00eda de ultrasonido para estimular la producci\u00f3n natural de col\u00e1geno y elastina. \u00a1Clic aqu\u00ed para descubrir m\u00e1s sobre el procedimiento!\" \/>\n<meta property=\"og:url\" content=\"https:\/\/ultherapy.com\/mx\/que-es-ultherapy\/\" \/>\n<meta property=\"og:site_name\" content=\"Ultherapy\" \/>\n<meta property=\"article:modified_time\" content=\"2021-01-22T20:27:32+00:00\" \/>\n<meta property=\"og:image\" content=\"https:\/\/ultherapy.com\/mx\/wp-content\/uploads\/2020\/02\/ULT_MetadataCard_1.1_About-WhatIsUltherapy.png\" \/>\n\t<meta property=\"og:image:width\" content=\"1200\" \/>\n\t<meta property=\"og:image:height\" content=\"630\" \/>\n\t<meta property=\"og:image:type\" content=\"image\/png\" \/>\n<meta name=\"twitter:card\" content=\"summary_large_image\" \/>\n<script type=\"application\/ld+json\" class=\"yoast-schema-graph\">{\"@context\":\"https:\/\/schema.org\",\"@graph\":[{\"@type\":\"WebPage\",\"@id\":\"https:\/\/ultherapy.com\/mx\/que-es-ultherapy\/\",\"url\":\"https:\/\/ultherapy.com\/mx\/que-es-ultherapy\/\",\"name\":\"Procedimiento a trav\u00e9s de Ultrasonido para dar Lifting y Reafirmar la piel | Ultherapy\",\"isPartOf\":{\"@id\":\"https:\/\/ultherapy.com\/mx\/#website\"},\"datePublished\":\"2018-06-11T22:17:24+00:00\",\"dateModified\":\"2021-01-22T20:27:32+00:00\",\"description\":\"Ultherapy es un procedimiento aprobado por la FDA que utiliza tecnolog\u00eda de ultrasonido para estimular la producci\u00f3n natural de col\u00e1geno y elastina. \u00a1Clic aqu\u00ed para descubrir m\u00e1s sobre el procedimiento!\",\"breadcrumb\":{\"@id\":\"https:\/\/ultherapy.com\/mx\/que-es-ultherapy\/#breadcrumb\"},\"inLanguage\":\"es\",\"potentialAction\":[{\"@type\":\"ReadAction\",\"target\":[\"https:\/\/ultherapy.com\/mx\/que-es-ultherapy\/\"]}]},{\"@type\":\"BreadcrumbList\",\"@id\":\"https:\/\/ultherapy.com\/mx\/que-es-ultherapy\/#breadcrumb\",\"itemListElement\":[{\"@type\":\"ListItem\",\"position\":1,\"name\":\"Home\",\"item\":\"https:\/\/ultherapy.com\/mx\/\"},{\"@type\":\"ListItem\",\"position\":2,\"name\":\"Qu\u00e9 es Ultherapy\u00ae\"}]},{\"@type\":\"WebSite\",\"@id\":\"https:\/\/ultherapy.com\/mx\/#website\",\"url\":\"https:\/\/ultherapy.com\/mx\/\",\"name\":\"Ultherapy\",\"description\":\"\",\"potentialAction\":[{\"@type\":\"SearchAction\",\"target\":{\"@type\":\"EntryPoint\",\"urlTemplate\":\"https:\/\/ultherapy.com\/mx\/?s={search_term_string}\"},\"query-input\":{\"@type\":\"PropertyValueSpecification\",\"valueRequired\":true,\"valueName\":\"search_term_string\"}}],\"inLanguage\":\"es\"}]}<\/script>\n<!-- \/ Yoast SEO plugin. -->","yoast_head_json":{"title":"Procedimiento a trav\u00e9s de Ultrasonido para dar Lifting y Reafirmar la piel | Ultherapy","description":"Ultherapy es un procedimiento aprobado por la FDA que utiliza tecnolog\u00eda de ultrasonido para estimular la producci\u00f3n natural de col\u00e1geno y elastina. \u00a1Clic aqu\u00ed para descubrir m\u00e1s sobre el procedimiento!","robots":{"index":"index","follow":"follow","max-snippet":"max-snippet:-1","max-image-preview":"max-image-preview:large","max-video-preview":"max-video-preview:-1"},"canonical":"https:\/\/ultherapy.com\/mx\/que-es-ultherapy\/","og_locale":"es_MX","og_type":"article","og_title":"Procedimiento a trav\u00e9s de Ultrasonido para dar Lifting y Reafirmar la piel | Ultherapy","og_description":"Ultherapy es un procedimiento aprobado por la FDA que utiliza tecnolog\u00eda de ultrasonido para estimular la producci\u00f3n natural de col\u00e1geno y elastina. \u00a1Clic aqu\u00ed para descubrir m\u00e1s sobre el procedimiento!","og_url":"https:\/\/ultherapy.com\/mx\/que-es-ultherapy\/","og_site_name":"Ultherapy","article_modified_time":"2021-01-22T20:27:32+00:00","og_image":[{"width":1200,"height":630,"url":"https:\/\/ultherapy.com\/mx\/wp-content\/uploads\/2020\/02\/ULT_MetadataCard_1.1_About-WhatIsUltherapy.png","type":"image\/png"}],"twitter_card":"summary_large_image","schema":{"@context":"https:\/\/schema.org","@graph":[{"@type":"WebPage","@id":"https:\/\/ultherapy.com\/mx\/que-es-ultherapy\/","url":"https:\/\/ultherapy.com\/mx\/que-es-ultherapy\/","name":"Procedimiento a trav\u00e9s de Ultrasonido para dar Lifting y Reafirmar la piel | Ultherapy","isPartOf":{"@id":"https:\/\/ultherapy.com\/mx\/#website"},"datePublished":"2018-06-11T22:17:24+00:00","dateModified":"2021-01-22T20:27:32+00:00","description":"Ultherapy es un procedimiento aprobado por la FDA que utiliza tecnolog\u00eda de ultrasonido para estimular la producci\u00f3n natural de col\u00e1geno y elastina. \u00a1Clic aqu\u00ed para descubrir m\u00e1s sobre el procedimiento!","breadcrumb":{"@id":"https:\/\/ultherapy.com\/mx\/que-es-ultherapy\/#breadcrumb"},"inLanguage":"es","potentialAction":[{"@type":"ReadAction","target":["https:\/\/ultherapy.com\/mx\/que-es-ultherapy\/"]}]},{"@type":"BreadcrumbList","@id":"https:\/\/ultherapy.com\/mx\/que-es-ultherapy\/#breadcrumb","itemListElement":[{"@type":"ListItem","position":1,"name":"Home","item":"https:\/\/ultherapy.com\/mx\/"},{"@type":"ListItem","position":2,"name":"Qu\u00e9 es Ultherapy\u00ae"}]},{"@type":"WebSite","@id":"https:\/\/ultherapy.com\/mx\/#website","url":"https:\/\/ultherapy.com\/mx\/","name":"Ultherapy","description":"","potentialAction":[{"@type":"SearchAction","target":{"@type":"EntryPoint","urlTemplate":"https:\/\/ultherapy.com\/mx\/?s={search_term_string}"},"query-input":{"@type":"PropertyValueSpecification","valueRequired":true,"valueName":"search_term_string"}}],"inLanguage":"es"}]}},"_links":{"self":[{"href":"https:\/\/ultherapy.com\/co\/wp-json\/wp\/v2\/pages\/10","targetHints":{"allow":["GET"]}}],"collection":[{"href":"https:\/\/ultherapy.com\/co\/wp-json\/wp\/v2\/pages"}],"about":[{"href":"https:\/\/ultherapy.com\/co\/wp-json\/wp\/v2\/types\/page"}],"author":[{"embeddable":true,"href":"https:\/\/ultherapy.com\/co\/wp-json\/wp\/v2\/users\/1"}],"replies":[{"embeddable":true,"href":"https:\/\/ultherapy.com\/co\/wp-json\/wp\/v2\/comments?post=10"}],"version-history":[{"count":25,"href":"https:\/\/ultherapy.com\/co\/wp-json\/wp\/v2\/pages\/10\/revisions"}],"predecessor-version":[{"id":1801,"href":"https:\/\/ultherapy.com\/co\/wp-json\/wp\/v2\/pages\/10\/revisions\/1801"}],"wp:attachment":[{"href":"https:\/\/ultherapy.com\/co\/wp-json\/wp\/v2\/media?parent=10"}],"curies":[{"name":"wp","href":"https:\/\/api.w.org\/{rel}","templated":true}]}}